{"id":8,"date":"2018-10-17T05:38:36","date_gmt":"2018-10-17T05:38:36","guid":{"rendered":"http:\/\/www.elcontraste.com\/?page_id=8"},"modified":"2024-11-30T15:54:08","modified_gmt":"2024-11-30T15:54:08","slug":"inicio","status":"publish","type":"page","link":"http:\/\/www.elcontraste.com\/","title":{"rendered":"Bu\u00f1uelos y churros tradicionales en Ruzafa, Valencia"},"content":{"rendered":"<h1><img loading=\"lazy\" class=\"alignnone size-full wp-image-75\" src=\"http:\/\/www.elcontraste.com\/wp-content\/uploads\/2018\/10\/antigua01.jpg\" alt=\"tercera generaci\u00f3n aciendo bu\u00f1uelos\" width=\"1000\" height=\"634\" srcset=\"http:\/\/www.elcontraste.com\/wp-content\/uploads\/2018\/10\/antigua01.jpg 1000w, http:\/\/www.elcontraste.com\/wp-content\/uploads\/2018\/10\/antigua01-300x190.jpg 300w, http:\/\/www.elcontraste.com\/wp-content\/uploads\/2018\/10\/antigua01-768x487.jpg 768w, http:\/\/www.elcontraste.com\/wp-content\/uploads\/2018\/10\/antigua01-473x300.jpg 473w\" sizes=\"(max-width: 1000px) 100vw, 1000px\" \/>Horario habitual: de lunes a viernes de 8&#8217;15 a 20&#8217;00 horas.<\/h1>\n<h2>\u00a0<\/h2>\n<h2>LUNES A VIERNES DE 8,15 A 20.00 HORAS.<\/h2>\n<h2>HORARIO DICIEMBRE<\/h2>\n<p>LUNES A VIERNES DE 8.15h A 20h<\/p>\n<p>SABADOS DOMINGOS Y FESTIVOS DE 17h a 20h<\/p>\n<p>,25\u00a0 DICIEMBRE y 1 de ENERO CERRADO<\/p>\n<p>24 Y 31 DICIEMBRE DE 8.15h A 12.30h<\/p>\n<h2>HORARIO ENERO<\/h2>\n<h4><strong>LUNES A VIERNES DE 8.15 A 20.00 HORAS<\/strong><\/h4>\n<p>SABADOS , DOMINGOS Y FESTIVOS CERRADO<strong>.<\/strong><\/p>\n<p>\u00a0<\/p>\n<h2><strong>HORARIO FEBRERO<\/strong><\/h2>\n<p>LUNES A VIERNES DE 8.15 A 20.00 HORAS.<\/p>\n<p>SABADOS Y DOMINGOS DE 17.00 A 20.00 HORAS<\/p>\n<h3>\u00a0<\/h3>\n<h2>\u00a0<\/h2>\n<p>\u00a0<\/p>\n<h5>\u00a0<\/h5>\n<h5><strong>\u00a0<\/strong><\/h5>\n<h6>\u00a0<\/h6>\n<p>\u00a0<\/p>\n<p>Conocido en todo el barrio de Ruzafa (Valencia) por la elaboraci\u00f3n de masas fritas tradicionales, EL Contraste es el \u00fanico establecimiento que ofrece bu\u00f1uelos y churros tradicionales durante todo el a\u00f1o. Elaboramos nuestras masas con sumo cuidado, consiguiendo as\u00ed que nuestros churros y bu\u00f1uelos esten siempre listos para ser consumidos al momento.<img loading=\"lazy\" class=\"alignnone size-full wp-image-62\" src=\"http:\/\/www.elcontraste.com\/wp-content\/uploads\/2018\/10\/FACHADA.jpg\" alt=\"FACHADA BU\u00d1OLER\u00cdA EL CONTRASTE\" width=\"4167\" height=\"2083\" srcset=\"http:\/\/www.elcontraste.com\/wp-content\/uploads\/2018\/10\/FACHADA.jpg 4167w, http:\/\/www.elcontraste.com\/wp-content\/uploads\/2018\/10\/FACHADA-300x150.jpg 300w, http:\/\/www.elcontraste.com\/wp-content\/uploads\/2018\/10\/FACHADA-768x384.jpg 768w, http:\/\/www.elcontraste.com\/wp-content\/uploads\/2018\/10\/FACHADA-1024x512.jpg 1024w, http:\/\/www.elcontraste.com\/wp-content\/uploads\/2018\/10\/FACHADA-500x250.jpg 500w\" sizes=\"(max-width: 4167px) 100vw, 4167px\" \/><img loading=\"lazy\" class=\"alignnone size-full wp-image-63\" src=\"http:\/\/www.elcontraste.com\/wp-content\/uploads\/2018\/10\/fotoequipo.jpg\" alt=\"FOTO DE MARIANO Y SUS COLABORADORAS\" width=\"1206\" height=\"768\" srcset=\"http:\/\/www.elcontraste.com\/wp-content\/uploads\/2018\/10\/fotoequipo.jpg 1206w, http:\/\/www.elcontraste.com\/wp-content\/uploads\/2018\/10\/fotoequipo-300x191.jpg 300w, http:\/\/www.elcontraste.com\/wp-content\/uploads\/2018\/10\/fotoequipo-768x489.jpg 768w, http:\/\/www.elcontraste.com\/wp-content\/uploads\/2018\/10\/fotoequipo-1024x652.jpg 1024w, http:\/\/www.elcontraste.com\/wp-content\/uploads\/2018\/10\/fotoequipo-471x300.jpg 471w\" sizes=\"(max-width: 1206px) 100vw, 1206px\" \/><\/p>\n<p>\u00a0<\/p>\n\n\n<figure class=\"wp-block-image\"><img loading=\"lazy\" width=\"487\" height=\"1024\" src=\"http:\/\/www.elcontraste.com\/wp-content\/uploads\/2019\/11\/image-487x1024.png\" alt=\"\" class=\"wp-image-123\" srcset=\"http:\/\/www.elcontraste.com\/wp-content\/uploads\/2019\/11\/image-487x1024.png 487w, http:\/\/www.elcontraste.com\/wp-content\/uploads\/2019\/11\/image-143x300.png 143w, http:\/\/www.elcontraste.com\/wp-content\/uploads\/2019\/11\/image-768x1615.png 768w\" sizes=\"(max-width: 487px) 100vw, 487px\" \/><\/figure>\n\n\n\n<figure class=\"wp-block-image size-large\"><img loading=\"lazy\" width=\"1024\" height=\"768\" src=\"http:\/\/www.elcontraste.com\/wp-content\/uploads\/2020\/08\/imagen-1024x768.png\" alt=\"\" class=\"wp-image-128\" srcset=\"http:\/\/www.elcontraste.com\/wp-content\/uploads\/2020\/08\/imagen-1024x768.png 1024w, http:\/\/www.elcontraste.com\/wp-content\/uploads\/2020\/08\/imagen-300x225.png 300w, http:\/\/www.elcontraste.com\/wp-content\/uploads\/2020\/08\/imagen-768x576.png 768w, http:\/\/www.elcontraste.com\/wp-content\/uploads\/2020\/08\/imagen-400x300.png 400w\" sizes=\"(max-width: 1024px) 100vw, 1024px\" \/><\/figure>\n","protected":false},"excerpt":{"rendered":"<p>Horario habitual: de lunes a viernes de 8&#8217;15 a 20&#8217;00 horas. \u00a0 LUNES A VIERNES DE 8,15 A 20.00 HORAS. HORARIO DICIEMBRE LUNES A VIERNES DE 8.15h A 20h SABADOS DOMINGOS Y FESTIVOS DE 17h a 20h ,25\u00a0 DICIEMBRE y &hellip; <a href=\"http:\/\/www.elcontraste.com\/\">Sigue leyendo <span class=\"meta-nav\">&rarr;<\/span><\/a><\/p>\n","protected":false},"author":1,"featured_media":0,"parent":0,"menu_order":0,"comment_status":"closed","ping_status":"closed","template":"","meta":[],"_links":{"self":[{"href":"http:\/\/www.elcontraste.com\/index.php\/wp-json\/wp\/v2\/pages\/8"}],"collection":[{"href":"http:\/\/www.elcontraste.com\/index.php\/wp-json\/wp\/v2\/pages"}],"about":[{"href":"http:\/\/www.elcontraste.com\/index.php\/wp-json\/wp\/v2\/types\/page"}],"author":[{"embeddable":true,"href":"http:\/\/www.elcontraste.com\/index.php\/wp-json\/wp\/v2\/users\/1"}],"replies":[{"embeddable":true,"href":"http:\/\/www.elcontraste.com\/index.php\/wp-json\/wp\/v2\/comments?post=8"}],"version-history":[{"count":32,"href":"http:\/\/www.elcontraste.com\/index.php\/wp-json\/wp\/v2\/pages\/8\/revisions"}],"predecessor-version":[{"id":175,"href":"http:\/\/www.elcontraste.com\/index.php\/wp-json\/wp\/v2\/pages\/8\/revisions\/175"}],"wp:attachment":[{"href":"http:\/\/www.elcontraste.com\/index.php\/wp-json\/wp\/v2\/media?parent=8"}],"curies":[{"name":"wp","href":"https:\/\/api.w.org\/{rel}","templated":true}]}}